{"id":829,"date":"2023-04-06T13:44:40","date_gmt":"2023-04-06T11:44:40","guid":{"rendered":"https:\/\/klangmosaik.org\/wordpress\/?page_id=829"},"modified":"2023-04-08T14:31:56","modified_gmt":"2023-04-08T12:31:56","slug":"das-kollektiv","status":"publish","type":"page","link":"https:\/\/klangmosaik.org\/wordpress\/das-kollektiv\/","title":{"rendered":"Das Kollektiv"},"content":{"rendered":"\t\t<div data-elementor-type=\"wp-page\" data-elementor-id=\"829\" class=\"elementor elementor-829\" data-elementor-post-type=\"page\">\n\t\t\t\t\t\t<section class=\"elementor-section elementor-top-section elementor-element elementor-element-9d435c9 elementor-section-boxed elementor-section-height-default elementor-section-height-default\" data-id=\"9d435c9\" data-element_type=\"section\">\n\t\t\t\t\t\t<div class=\"elementor-container elementor-column-gap-default\">\n\t\t\t\t\t<div class=\"elementor-column elementor-col-100 elementor-top-column elementor-element elementor-element-2a418b9\" data-id=\"2a418b9\" data-element_type=\"column\">\n\t\t\t<div class=\"elementor-widget-wrap elementor-element-populated\">\n\t\t\t\t\t\t<div class=\"elementor-element elementor-element-5df9f4c elementor-widget elementor-widget-spacer\" data-id=\"5df9f4c\" data-element_type=\"widget\" data-widget_type=\"spacer.default\">\n\t\t\t\t<div class=\"elementor-widget-container\">\n\t\t\t<style>\/*! elementor - v3.21.0 - 18-04-2024 *\/\n.elementor-column .elementor-spacer-inner{height:var(--spacer-size)}.e-con{--container-widget-width:100%}.e-con-inner>.elementor-widget-spacer,.e-con>.elementor-widget-spacer{width:var(--container-widget-width,var(--spacer-size));--align-self:var(--container-widget-align-self,initial);--flex-shrink:0}.e-con-inner>.elementor-widget-spacer>.elementor-widget-container,.e-con>.elementor-widget-spacer>.elementor-widget-container{height:100%;width:100%}.e-con-inner>.elementor-widget-spacer>.elementor-widget-container>.elementor-spacer,.e-con>.elementor-widget-spacer>.elementor-widget-container>.elementor-spacer{height:100%}.e-con-inner>.elementor-widget-spacer>.elementor-widget-container>.elementor-spacer>.elementor-spacer-inner,.e-con>.elementor-widget-spacer>.elementor-widget-container>.elementor-spacer>.elementor-spacer-inner{height:var(--container-widget-height,var(--spacer-size))}.e-con-inner>.elementor-widget-spacer.elementor-widget-empty,.e-con>.elementor-widget-spacer.elementor-widget-empty{position:relative;min-height:22px;min-width:22px}.e-con-inner>.elementor-widget-spacer.elementor-widget-empty .elementor-widget-empty-icon,.e-con>.elementor-widget-spacer.elementor-widget-empty .elementor-widget-empty-icon{position:absolute;top:0;bottom:0;left:0;right:0;margin:auto;padding:0;width:22px;height:22px}<\/style>\t\t<div class=\"elementor-spacer\">\n\t\t\t<div class=\"elementor-spacer-inner\"><\/div>\n\t\t<\/div>\n\t\t\t\t<\/div>\n\t\t\t\t<\/div>\n\t\t\t\t<div class=\"elementor-element elementor-element-6f3799e elementor-widget elementor-widget-heading\" data-id=\"6f3799e\" data-element_type=\"widget\" data-widget_type=\"heading.default\">\n\t\t\t\t<div class=\"elementor-widget-container\">\n\t\t\t<style>\/*! elementor - v3.21.0 - 18-04-2024 *\/\n.elementor-heading-title{padding:0;margin:0;line-height:1}.elementor-widget-heading .elementor-heading-title[class*=elementor-size-]>a{color:inherit;font-size:inherit;line-height:inherit}.elementor-widget-heading .elementor-heading-title.elementor-size-small{font-size:15px}.elementor-widget-heading .elementor-heading-title.elementor-size-medium{font-size:19px}.elementor-widget-heading .elementor-heading-title.elementor-size-large{font-size:29px}.elementor-widget-heading .elementor-heading-title.elementor-size-xl{font-size:39px}.elementor-widget-heading .elementor-heading-title.elementor-size-xxl{font-size:59px}<\/style><h2 class=\"elementor-heading-title elementor-size-default\">Unsere Philosophie<\/h2>\t\t<\/div>\n\t\t\t\t<\/div>\n\t\t\t\t<div class=\"elementor-element elementor-element-299f0e3 elementor-widget elementor-widget-spacer\" data-id=\"299f0e3\" data-element_type=\"widget\" data-widget_type=\"spacer.default\">\n\t\t\t\t<div class=\"elementor-widget-container\">\n\t\t\t\t\t<div class=\"elementor-spacer\">\n\t\t\t<div class=\"elementor-spacer-inner\"><\/div>\n\t\t<\/div>\n\t\t\t\t<\/div>\n\t\t\t\t<\/div>\n\t\t\t\t\t<\/div>\n\t\t<\/div>\n\t\t\t\t\t<\/div>\n\t\t<\/section>\n\t\t\t\t<section class=\"elementor-section elementor-top-section elementor-element elementor-element-8724d14 elementor-section-boxed elementor-section-height-default elementor-section-height-default\" data-id=\"8724d14\" data-element_type=\"section\">\n\t\t\t\t\t\t<div class=\"elementor-container elementor-column-gap-default\">\n\t\t\t\t\t<div class=\"elementor-column elementor-col-100 elementor-top-column elementor-element elementor-element-257c029\" data-id=\"257c029\" data-element_type=\"column\">\n\t\t\t<div class=\"elementor-widget-wrap elementor-element-populated\">\n\t\t\t\t\t\t<div class=\"elementor-element elementor-element-73e88f0 elementor-widget elementor-widget-text-editor\" data-id=\"73e88f0\" data-element_type=\"widget\" data-widget_type=\"text-editor.default\">\n\t\t\t\t<div class=\"elementor-widget-container\">\n\t\t\t<style>\/*! elementor - v3.21.0 - 18-04-2024 *\/\n.elementor-widget-text-editor.elementor-drop-cap-view-stacked .elementor-drop-cap{background-color:#69727d;color:#fff}.elementor-widget-text-editor.elementor-drop-cap-view-framed .elementor-drop-cap{color:#69727d;border:3px solid;background-color:transparent}.elementor-widget-text-editor:not(.elementor-drop-cap-view-default) .elementor-drop-cap{margin-top:8px}.elementor-widget-text-editor:not(.elementor-drop-cap-view-default) .elementor-drop-cap-letter{width:1em;height:1em}.elementor-widget-text-editor .elementor-drop-cap{float:left;text-align:center;line-height:1;font-size:50px}.elementor-widget-text-editor .elementor-drop-cap-letter{display:inline-block}<\/style>\t\t\t\t<div class=\"p-rich_text_section\" style=\"text-align: center;\"><strong>Musik wird gespielt.<\/strong><\/div><div style=\"text-align: center;\">\u00a0<\/div><div class=\"p-rich_text_section\" style=\"text-align: center;\">Jeder Mensch kann mit einem Instrument ins Spielen kommen. Hierbei geht es uns weniger um das Reproduzieren eines St\u00fcckes, sondern mehr um das freie Spielen: die Improvisation.\u00a0Oft glauben wir, dass nur Menschen die Talent haben oder ein Instrument beherrschen Musik spielen k\u00f6nnen. Jedoch jedes Kind kann diese These widerlegen. Denn: Musik wird\u00a0gespielt.<\/div><div style=\"text-align: center;\">\u00a0<\/div><div class=\"p-rich_text_section\" style=\"text-align: center;\"><strong style=\"text-align: center;\">Was uns daran hindert.<\/strong><\/div><div style=\"text-align: center;\">\u00a0<\/div><div><p style=\"text-align: center;\">K\u00f6nnen wir das nicht, liegt es oftmals daran, dass wir Angst davor haben Etwas falsch zu machen, Andere zu st\u00f6ren oder selbst unangenehme Kl\u00e4nge nicht aushalten k\u00f6nnen. Wir kommen nicht ins Spielen, weil wir vor lauter Angst das Instrument nicht in die Hand nehmen, es nach kurzer Zeit wieder weglegen oder der eigene Anspruch eine Entspannung, w\u00e4hrend nat\u00fcrlicher Chaosphasen nicht zul\u00e4sst. Vor Allem wenn andere Menschen dabei sind.<\/p><p style=\"text-align: center;\"><strong>Was Musik Bedeutet.<\/strong><\/p><p style=\"text-align: center;\">Wir kennen dieses Ph\u00e4nomen von uns selbst sehr gut, auch wenn wir uns mittlerweile als Impro-Musiker verstehen. Selbst wenn diese \u00c4ngste nie zu 100% verschwinden, haben wir die Erfahrung gemacht, dass diese Momente des freien Spielens so wertvoll, heilsam und Freude bringend sind, dass wir einerseits immer wieder gerne Musik spielen und Andere daran teilhaben lassen und andererseits bei Workshops solche Erfahrungen auch erm\u00f6glichen m\u00f6chten.Tanz, Gesang und Musik im Allgemeinen verbessern die Lebensqualit\u00e4t. Sie beziehen den gesamten K\u00f6rper und Geist mit ein, trainieren unser Ged\u00e4chtnis, f\u00f6rdern Gemeinschaft, Kreativit\u00e4t und k\u00f6nnen dem Leben einen tieferen Sinn geben. Vor allen Dingen sprechen Musik und Kl\u00e4nge unsere Emotionen an und bieten ihnen ein Ventil zum Ausdruck.<\/p><p style=\"text-align: center;\"><strong>Unser Ansatz.<\/strong><\/p><p style=\"text-align: center;\">Beim Kollektiv Klangmosaik liegt der Fokus zun\u00e4chst auf der spielerischen und experimentellen Komponente. Dennoch teilen wir gerne unser Wissen \u00fcber musikalische Techniken, Theorien und Methoden mit all denen, die es m\u00f6chten. Tiefe und Umfang passen wir hierbei auf individuelle Bed\u00fcrfnisse an. Im Allgemeinen m\u00f6chten wir Rahmenbedingungen schaffen, bei denen sich unsere Teilnehmenden darin frei f\u00fchlen sich auszuprobieren und bestenfalls innere Widerst\u00e4nde beim Improvisieren loslassen k\u00f6nnen.<\/p><p style=\"text-align: center;\">\u00a0<\/p><\/div>\t\t\t\t\t\t<\/div>\n\t\t\t\t<\/div>\n\t\t\t\t<div class=\"elementor-element elementor-element-87554f3 elementor-align-center elementor-widget elementor-widget-button\" data-id=\"87554f3\" data-element_type=\"widget\" data-widget_type=\"button.default\">\n\t\t\t\t<div class=\"elementor-widget-container\">\n\t\t\t\t\t<div class=\"elementor-button-wrapper\">\n\t\t\t<a class=\"elementor-button elementor-button-link elementor-size-sm\" href=\"#\">\n\t\t\t\t\t\t<span class=\"elementor-button-content-wrapper\">\n\t\t\t\t\t\t\t\t\t<span class=\"elementor-button-text\">Check unsere Veranstaltungen<\/span>\n\t\t\t\t\t<\/span>\n\t\t\t\t\t<\/a>\n\t\t<\/div>\n\t\t\t\t<\/div>\n\t\t\t\t<\/div>\n\t\t\t\t\t<\/div>\n\t\t<\/div>\n\t\t\t\t\t<\/div>\n\t\t<\/section>\n\t\t\t\t<section class=\"elementor-section elementor-top-section elementor-element elementor-element-fc0cc73 elementor-section-boxed elementor-section-height-default elementor-section-height-default\" data-id=\"fc0cc73\" data-element_type=\"section\">\n\t\t\t\t\t\t\t<div class=\"elementor-background-overlay\"><\/div>\n\t\t\t\t\t\t\t<div class=\"elementor-container elementor-column-gap-default\">\n\t\t\t\t\t<div class=\"elementor-column elementor-col-100 elementor-top-column elementor-element elementor-element-f82e4a5\" data-id=\"f82e4a5\" data-element_type=\"column\">\n\t\t\t<div class=\"elementor-widget-wrap elementor-element-populated\">\n\t\t\t\t\t\t<div class=\"elementor-element elementor-element-88a50b1 elementor-widget elementor-widget-spacer\" data-id=\"88a50b1\" data-element_type=\"widget\" data-widget_type=\"spacer.default\">\n\t\t\t\t<div class=\"elementor-widget-container\">\n\t\t\t\t\t<div class=\"elementor-spacer\">\n\t\t\t<div class=\"elementor-spacer-inner\"><\/div>\n\t\t<\/div>\n\t\t\t\t<\/div>\n\t\t\t\t<\/div>\n\t\t\t\t\t<\/div>\n\t\t<\/div>\n\t\t\t\t\t<\/div>\n\t\t<\/section>\n\t\t\t\t<section class=\"elementor-section elementor-top-section elementor-element elementor-element-27e4261 elementor-section-boxed elementor-section-height-default elementor-section-height-default\" data-id=\"27e4261\" data-element_type=\"section\">\n\t\t\t\t\t\t<div class=\"elementor-container elementor-column-gap-default\">\n\t\t\t\t\t<div class=\"elementor-column elementor-col-100 elementor-top-column elementor-element elementor-element-3a6e8b0\" data-id=\"3a6e8b0\" data-element_type=\"column\">\n\t\t\t<div class=\"elementor-widget-wrap elementor-element-populated\">\n\t\t\t\t\t\t<div class=\"elementor-element elementor-element-bdda3a0 elementor-widget elementor-widget-spacer\" data-id=\"bdda3a0\" data-element_type=\"widget\" data-widget_type=\"spacer.default\">\n\t\t\t\t<div class=\"elementor-widget-container\">\n\t\t\t\t\t<div class=\"elementor-spacer\">\n\t\t\t<div class=\"elementor-spacer-inner\"><\/div>\n\t\t<\/div>\n\t\t\t\t<\/div>\n\t\t\t\t<\/div>\n\t\t\t\t<div class=\"elementor-element elementor-element-9be44f4 elementor-widget elementor-widget-heading\" data-id=\"9be44f4\" data-element_type=\"widget\" data-widget_type=\"heading.default\">\n\t\t\t\t<div class=\"elementor-widget-container\">\n\t\t\t<h2 class=\"elementor-heading-title elementor-size-default\">Urspr\u00fcnge<\/h2>\t\t<\/div>\n\t\t\t\t<\/div>\n\t\t\t\t<div class=\"elementor-element elementor-element-b5652be elementor-widget elementor-widget-spacer\" data-id=\"b5652be\" data-element_type=\"widget\" data-widget_type=\"spacer.default\">\n\t\t\t\t<div class=\"elementor-widget-container\">\n\t\t\t\t\t<div class=\"elementor-spacer\">\n\t\t\t<div class=\"elementor-spacer-inner\"><\/div>\n\t\t<\/div>\n\t\t\t\t<\/div>\n\t\t\t\t<\/div>\n\t\t\t\t\t<\/div>\n\t\t<\/div>\n\t\t\t\t\t<\/div>\n\t\t<\/section>\n\t\t\t\t<section class=\"elementor-section elementor-top-section elementor-element elementor-element-d545054 elementor-section-boxed elementor-section-height-default elementor-section-height-default\" data-id=\"d545054\" data-element_type=\"section\">\n\t\t\t\t\t\t<div class=\"elementor-container elementor-column-gap-default\">\n\t\t\t\t\t<div class=\"elementor-column elementor-col-100 elementor-top-column elementor-element elementor-element-75309e7\" data-id=\"75309e7\" data-element_type=\"column\">\n\t\t\t<div class=\"elementor-widget-wrap elementor-element-populated\">\n\t\t\t\t\t\t<div class=\"elementor-element elementor-element-e7b6813 elementor-widget elementor-widget-text-editor\" data-id=\"e7b6813\" data-element_type=\"widget\" data-widget_type=\"text-editor.default\">\n\t\t\t\t<div class=\"elementor-widget-container\">\n\t\t\t\t\t\t\t<p style=\"text-align: center;\">Es begab sich, dass drei Freunde sich treffen wollten, um gemeinsam zu Musizieren\u00a0&#8230;\u00a0sich f\u00fcr ein Wochenende zur\u00fcckzuziehen, Handys und Co. auszumachen und einzutauchen in die Welt des Klanges. Schon beim ersten Vorbereitungstreffen 2018 war zu sp\u00fcren, dass es nicht nur beim Musizieren bleiben sollte.\u00a0<\/p><p style=\"text-align: center;\">Ein Gedanke von Gemeinschaft und Kollektivit\u00e4t keimte auf. Die Ideen, welche jeder von uns mitbrachte, erinnerten uns an Elemente verschiedener Selbsterfahrungsworkshops. Schnell kam die Erkenntnis: \u201calso planen wir ein Seminar, oder wie?&#8220;<br \/>Und so planten wir nicht nur zu Dritt, sondern mit weiteren Menschen, gemeinsam die Welt des Klangs zu erforschen, unseren Alltag ruhen zu lassen und in den Fluss der Musik einzutauchen. Die Klangflusstage waren geboren. Im\u00a0Sampurna\u00a0Seminarhaus in\u00a0B\u00e4rstadt\u00a0sollten wir uns an einem stillen Wochenende zur Wintersonnenwende, mit neuen und alten Freunden zusammen, dem gemeinsamen Musizieren hingeben. Jedoch anders als wir es gewohnt waren. Mit Klanginstrumenten wie Gongs, Zimbeln und Klangschalen, aber auch gew\u00f6hnlichen Instrumenten wie einem Fl\u00fcgel, verschiedenen Trommeln, Gitarren und Fl\u00f6ten, tauchten wir ein in ein Spiel mit der Resonanz, der Dissonanz, dem Gesp\u00fcr und dem Tanz.<br \/>Die Reise des neugegr\u00fcndeten Kollektiv Klangmosaiks f\u00fchrte uns 2019 auf verschiedene Konzerte, Festivals, Jamsessions und die ersten eigenen Veranstaltungen. Wir haben bei diesen Gelegenheiten mit diversen Formaten gespielt. Workshops, die\u00a0den Klangflusstagen \u00e4hnelten, aber auch\u00a0Konzerte\u00a0bei denen Dissonanzen und experimentelle Elemente explizit\u00a0willkommen waren. Bei Veranstaltungen wie dem Klangdinner im Kontext Wiesbaden, haben wir zu Anfangs mit vielen akustischen Instrumenten, der\u00a0Loopstation, einem E-Piano und dem Einbinden des Publikums improvisiert.<br \/>Sp\u00e4ter entwickelten sich diese Konzerte weiter: digitale Instrumente, Synthesizer und MIDI-Controller erweiterten die M\u00f6glichkeiten und wir konnten unserem Sound eine neue Farbe verleihen. In die ruhigen, meditativen und experimentellen Elemente mischten sich zunehmend tanzbare Rhythmen und elektronisch gepr\u00e4gte Grooves.<br \/>In dieser Zeit ist unser Netzwerk, unsere Community gewachsen und diverse Musiker*innen und Freund*innen begleiten uns bei Konzerten, Workshops und Veranstaltungen. Wir sind gespannt auf die Zukunft und freuen uns darauf dich bald bei einem unserer Events kennenzulernen.<\/p><p>\u00a0<\/p>\t\t\t\t\t\t<\/div>\n\t\t\t\t<\/div>\n\t\t\t\t\t<\/div>\n\t\t<\/div>\n\t\t\t\t\t<\/div>\n\t\t<\/section>\n\t\t\t\t<section class=\"elementor-section elementor-top-section elementor-element elementor-element-ffece18 elementor-section-full_width elementor-section-height-default elementor-section-height-default\" data-id=\"ffece18\" data-element_type=\"section\" data-settings=\"{&quot;background_background&quot;:&quot;classic&quot;}\">\n\t\t\t\t\t\t\t<div class=\"elementor-background-overlay\"><\/div>\n\t\t\t\t\t\t\t<div class=\"elementor-container elementor-column-gap-default\">\n\t\t\t\t\t<div class=\"elementor-column elementor-col-100 elementor-top-column elementor-element elementor-element-75736d4\" data-id=\"75736d4\" data-element_type=\"column\">\n\t\t\t<div class=\"elementor-widget-wrap elementor-element-populated\">\n\t\t\t\t\t\t<div class=\"elementor-element elementor-element-e40b9fb elementor-widget elementor-widget-spacer\" data-id=\"e40b9fb\" data-element_type=\"widget\" data-widget_type=\"spacer.default\">\n\t\t\t\t<div class=\"elementor-widget-container\">\n\t\t\t\t\t<div class=\"elementor-spacer\">\n\t\t\t<div class=\"elementor-spacer-inner\"><\/div>\n\t\t<\/div>\n\t\t\t\t<\/div>\n\t\t\t\t<\/div>\n\t\t\t\t\t<\/div>\n\t\t<\/div>\n\t\t\t\t\t<\/div>\n\t\t<\/section>\n\t\t\t\t<\/div>\n\t\t","protected":false},"excerpt":{"rendered":"<p>Unsere Philosophie Musik wird gespielt.\u00a0Jeder Mensch kann mit einem Instrument ins Spielen kommen. Hierbei geht es uns weniger um das Reproduzieren eines St\u00fcckes, sondern mehr um das freie Spielen: die Improvisation.\u00a0Oft glauben wir, dass nur Menschen die Talent haben oder ein Instrument beherrschen Musik spielen k\u00f6nnen. Jedoch jedes Kind kann diese These widerlegen. Denn: Musik [&hellip;]<\/p>\n","protected":false},"author":1,"featured_media":0,"parent":0,"menu_order":0,"comment_status":"closed","ping_status":"closed","template":"","meta":{"footnotes":""},"_links":{"self":[{"href":"https:\/\/klangmosaik.org\/wordpress\/wp-json\/wp\/v2\/pages\/829"}],"collection":[{"href":"https:\/\/klangmosaik.org\/wordpress\/wp-json\/wp\/v2\/pages"}],"about":[{"href":"https:\/\/klangmosaik.org\/wordpress\/wp-json\/wp\/v2\/types\/page"}],"author":[{"embeddable":true,"href":"https:\/\/klangmosaik.org\/wordpress\/wp-json\/wp\/v2\/users\/1"}],"replies":[{"embeddable":true,"href":"https:\/\/klangmosaik.org\/wordpress\/wp-json\/wp\/v2\/comments?post=829"}],"version-history":[{"count":10,"href":"https:\/\/klangmosaik.org\/wordpress\/wp-json\/wp\/v2\/pages\/829\/revisions"}],"predecessor-version":[{"id":914,"href":"https:\/\/klangmosaik.org\/wordpress\/wp-json\/wp\/v2\/pages\/829\/revisions\/914"}],"wp:attachment":[{"href":"https:\/\/klangmosaik.org\/wordpress\/wp-json\/wp\/v2\/media?parent=829"}],"curies":[{"name":"wp","href":"https:\/\/api.w.org\/{rel}","templated":true}]}}